{"id":2523,"date":"2024-08-20T15:56:18","date_gmt":"2024-08-20T15:56:18","guid":{"rendered":"https:\/\/graciaypazeduca.cl\/colegiovaldivia\/?page_id=2523"},"modified":"2024-11-05T19:12:17","modified_gmt":"2024-11-05T19:12:17","slug":"talleres","status":"publish","type":"page","link":"https:\/\/graciaypazeduca.cl\/colegiovaldivia\/index.php\/talleres\/","title":{"rendered":"Talleres extraprogram\u00e1ticos"},"content":{"rendered":"<p><div class=\"fusion-fullwidth fullwidth-box fusion-builder-row-1 fusion-flex-container has-pattern-background has-mask-background nonhundred-percent-fullwidth non-hundred-percent-height-scrolling\" style=\"--awb-border-radius-top-left:0px;--awb-border-radius-top-right:0px;--awb-border-radius-bottom-right:0px;--awb-border-radius-bottom-left:0px;--awb-padding-top:0px;--awb-padding-bottom:0px;--awb-margin-bottom:0px;--awb-background-color:#109ad7;--awb-flex-wrap:wrap;\" ><div class=\"fusion-builder-row fusion-row fusion-flex-align-items-flex-start fusion-flex-content-wrap\" style=\"max-width:1248px;margin-left: calc(-4% \/ 2 );margin-right: calc(-4% \/ 2 );\"><div class=\"fusion-layout-column fusion_builder_column fusion-builder-column-0 fusion_builder_column_1_1 1_1 fusion-flex-column\" style=\"--awb-bg-size:cover;--awb-width-large:100%;--awb-margin-top-large:0px;--awb-spacing-right-large:1.92%;--awb-margin-bottom-large:20px;--awb-spacing-left-large:1.92%;--awb-width-medium:100%;--awb-order-medium:0;--awb-spacing-right-medium:1.92%;--awb-spacing-left-medium:1.92%;--awb-width-small:100%;--awb-order-small:0;--awb-spacing-right-small:1.92%;--awb-spacing-left-small:1.92%;\"><div class=\"fusion-column-wrapper fusion-column-has-shadow fusion-flex-justify-content-flex-start fusion-content-layout-column\"><div class=\"fusion-section-separator section-separator triangle fusion-section-separator-1\" style=\"--awb-border-top:28px solid var(--awb-color3);--awb-spacer-height:28px;--awb-svg-margin-left:1.92%;--awb-svg-margin-right:1.92%;--awb-svg-margin-left-medium:1.92%;--awb-svg-margin-right-medium:1.92%;--awb-svg-margin-left-small:1.92%;--awb-svg-margin-right-small:1.92%;--awb-icon-color:#109ad7;--awb-icon-top:-38px;\"><div class=\"fusion-section-separator-svg\"><div class=\"section-separator-icon icon fa-chalkboard-teacher fas\" aria-hidden=\"true\"><\/div><div class=\"divider-candy-arrow top\" style=\"bottom:28px;border-bottom-color: var(--awb-color2);\"><\/div><div class=\"divider-candy top\" style=\"top:-48px;border-bottom:1px solid var(--awb-color3);border-left:1px solid var(--awb-color3);\"><\/div><\/div><div class=\"fusion-section-separator-spacer\"><div class=\"fusion-section-separator-spacer-height\"><\/div><\/div><\/div><div class=\"fusion-separator fusion-full-width-sep\" style=\"align-self: center;margin-left: auto;margin-right: auto;width:100%;\"><div class=\"fusion-separator-border sep-double\" style=\"--awb-height:20px;--awb-amount:20px;border-color:var(--awb-color3);border-top-width:1px;border-bottom-width:1px;\"><\/div><\/div><div class=\"fusion-text fusion-text-1\"><h3 style=\"text-align: center;\"><span style=\"color: #ffffff;\">Mas de 10 talleres extra program\u00e1ticos orientados a desarrollar el potencial de nuestros ni\u00f1os y ni\u00f1as<\/span><\/h3>\n<\/div><\/div><\/div><\/div><\/div><div class=\"fusion-fullwidth fullwidth-box fusion-builder-row-2 fusion-flex-container has-pattern-background has-mask-background nonhundred-percent-fullwidth non-hundred-percent-height-scrolling\" style=\"--awb-border-radius-top-left:0px;--awb-border-radius-top-right:0px;--awb-border-radius-bottom-right:0px;--awb-border-radius-bottom-left:0px;--awb-padding-top:0px;--awb-padding-bottom:0px;--awb-flex-wrap:wrap;\" ><div class=\"fusion-builder-row fusion-row fusion-flex-align-items-flex-start fusion-flex-content-wrap\" style=\"max-width:1248px;margin-left: calc(-4% \/ 2 );margin-right: calc(-4% \/ 2 );\"><div class=\"fusion-layout-column fusion_builder_column fusion-builder-column-1 fusion_builder_column_1_1 1_1 fusion-flex-column\" style=\"--awb-bg-size:cover;--awb-width-large:100%;--awb-margin-top-large:0px;--awb-spacing-right-large:1.92%;--awb-margin-bottom-large:20px;--awb-spacing-left-large:1.92%;--awb-width-medium:100%;--awb-order-medium:0;--awb-spacing-right-medium:1.92%;--awb-spacing-left-medium:1.92%;--awb-width-small:100%;--awb-order-small:0;--awb-spacing-right-small:1.92%;--awb-spacing-left-small:1.92%;\"><div class=\"fusion-column-wrapper fusion-column-has-shadow fusion-flex-justify-content-flex-start fusion-content-layout-column\">\n<div class=\"table-1\">\n<p>&nbsp;<\/p>\n<table width=\"100%\">\n<thead>\n<tr>\n<th style=\"text-align: center;\" align=\"left\"><strong>TALLER<\/strong><\/th>\n<th style=\"text-align: center;\" align=\"left\"><strong>DOCENTE\u00a0<\/strong><\/th>\n<th style=\"text-align: center;\" align=\"left\"><strong>CURSOS<\/strong><\/th>\n<th style=\"text-align: center;\" align=\"left\"><strong>FECHA<\/strong><\/th>\n<th style=\"text-align: center;\" align=\"left\"><strong>LUGAR<\/strong><\/th>\n<\/tr>\n<\/thead>\n<tbody>\n<tr>\n<td align=\"left\">Ballet Inicial<\/td>\n<td align=\"left\">Constanza Madrid<\/td>\n<td align=\"left\">K\u00ednder, 1\u00b0 y 2\u00b0 b\u00e1sicos<\/td>\n<td align=\"left\">Lunes 16:30 a 17:30 horas<\/td>\n<td align=\"left\">Sala Multitaller<\/td>\n<\/tr>\n<tr>\n<td align=\"left\">Danza<\/td>\n<td align=\"left\">Constanza Madrid<\/td>\n<td align=\"left\">3\u00b0, 4\u00b0 y 5\u00b0<\/td>\n<td align=\"left\">Mi\u00e9rcoles 15:30 a 17:00 horas<\/td>\n<td align=\"left\">Sala Multitaller<\/td>\n<\/tr>\n<tr>\n<td align=\"left\">Expresi\u00f3n Teatral<\/td>\n<td align=\"left\">Constanza Madrid<\/td>\n<td align=\"left\">3\u00b0,4\u00b0 y 5\u00b0<\/td>\n<td align=\"left\">Lunes 15:30 a 16:30 horas<\/td>\n<td align=\"left\">Sala Multitaller<\/td>\n<\/tr>\n<tr>\n<td align=\"left\">Forjadores<br \/>\nAmbientales<\/td>\n<td align=\"left\">Sebasti\u00e1n Arriagada<\/td>\n<td align=\"left\">4\u00b0 y 5\u00b0<\/td>\n<td align=\"left\">Jueves 15:30 a 17:00 horas<\/td>\n<td align=\"left\">Sala N\u00b0 6<\/td>\n<\/tr>\n<tr>\n<td align=\"left\">Arte y Dibujo<\/td>\n<td align=\"left\">Ver\u00f3nica Nass<\/td>\n<td align=\"left\">4\u00b0 y 5\u00b0<\/p>\n<p>2\u00b0 y 3\u00b0<\/td>\n<td align=\"left\">Martes 15:30 a 17:00 horas<\/p>\n<p>Mi\u00e9rcoles 15:30 a 17.00 horas<\/td>\n<td align=\"left\">Sala N\u00b0 3<\/td>\n<\/tr>\n<tr>\n<td align=\"left\">Selecci\u00f3n de<br \/>\nF\u00fatbol<\/td>\n<td align=\"left\">Francisco Ruminot<\/td>\n<td align=\"left\">4\u00b0 y 5\u00b0<\/p>\n<p>4\u00b0 y 5\u00b0<\/td>\n<td align=\"left\">Lunes 17:30 a 19:30 horas<\/p>\n<p>Viernes 14:30 a 16:00 horas<\/td>\n<td align=\"left\">Patio Techado<br \/>\nColegio<\/td>\n<\/tr>\n<tr>\n<td align=\"left\">Polideportivo<\/td>\n<td align=\"left\">Cristian Rojas<\/td>\n<td align=\"left\">3\u00b0,4\u00b0 y 5\u00b0<\/td>\n<td align=\"left\">Mi\u00e9rcoles 15:30- 17:00 horas<\/td>\n<td align=\"left\">Patio Techado<br \/>\nColegio<\/td>\n<\/tr>\n<tr>\n<td align=\"left\">Coro<\/td>\n<td align=\"left\">Basti\u00e1n B\u00e1ez<\/td>\n<td align=\"left\">3\u00b0,4\u00b0 y 5\u00b0<\/td>\n<td align=\"left\">Lunes 15:30 &#8211; 17:00 horas<\/td>\n<td align=\"left\">Sala N\u00b03<\/td>\n<\/tr>\n<tr>\n<td align=\"left\">Guitarra<\/td>\n<td align=\"left\">Basti\u00e1n B\u00e1ez<\/td>\n<td align=\"left\">3\u00b0,4\u00b0 y 5\u00b0<\/td>\n<td align=\"left\">Viernes 15:30 &#8211; 17:00 horas<\/td>\n<td align=\"left\">Sala N\u00b03<\/td>\n<\/tr>\n<tr>\n<td align=\"left\">Ajedrez<\/td>\n<td align=\"left\">Francisco Ruminot<\/td>\n<td align=\"left\">5\u00b0b\u00e1sicos<\/p>\n<p>4\u00b0b\u00e1sicos<\/td>\n<td align=\"left\">Mi\u00e9rcoles 14:30 \u2013 15:30 horas<\/p>\n<p>Mi\u00e9rcoles 15:30 \u2013 16:30 horas<\/td>\n<td align=\"left\">Sala N\u00b09<\/td>\n<\/tr>\n<\/tbody>\n<\/table>\n<p>&nbsp;<\/p>\n<\/div>\n<div class=\"fusion-separator fusion-full-width-sep\" style=\"align-self: center;margin-left: auto;margin-right: auto;flex-grow:3;width:100%;\"><div class=\"fusion-separator-border sep-double\" style=\"--awb-height:20px;--awb-amount:20px;--awb-sep-color:#ffffff;border-color:#ffffff;border-top-width:15px;border-bottom-width:15px;\"><\/div><\/div><\/div><\/div><\/div><\/div><div class=\"fusion-fullwidth fullwidth-box fusion-builder-row-3 fusion-flex-container has-pattern-background has-mask-background nonhundred-percent-fullwidth non-hundred-percent-height-scrolling\" style=\"--awb-border-radius-top-left:0px;--awb-border-radius-top-right:0px;--awb-border-radius-bottom-right:0px;--awb-border-radius-bottom-left:0px;--awb-margin-top:0px;--awb-margin-bottom:0px;--awb-background-color:#109ad7;--awb-flex-wrap:wrap;\" ><div class=\"fusion-builder-row fusion-row fusion-flex-align-items-flex-start fusion-flex-content-wrap\" style=\"max-width:1248px;margin-left: calc(-4% \/ 2 );margin-right: calc(-4% \/ 2 );\"><div class=\"fusion-layout-column fusion_builder_column fusion-builder-column-2 fusion_builder_column_1_1 1_1 fusion-flex-column\" style=\"--awb-bg-size:cover;--awb-width-large:100%;--awb-margin-top-large:0px;--awb-spacing-right-large:1.92%;--awb-margin-bottom-large:20px;--awb-spacing-left-large:1.92%;--awb-width-medium:100%;--awb-order-medium:0;--awb-spacing-right-medium:1.92%;--awb-spacing-left-medium:1.92%;--awb-width-small:100%;--awb-order-small:0;--awb-spacing-right-small:1.92%;--awb-spacing-left-small:1.92%;\"><div class=\"fusion-column-wrapper fusion-column-has-shadow fusion-flex-justify-content-flex-start fusion-content-layout-column\"><div class=\"fusion-section-separator section-separator triangle fusion-section-separator-2\" style=\"--awb-border-top:28px solid var(--awb-color3);--awb-spacer-height:28px;--awb-svg-margin-left:1.92%;--awb-svg-margin-right:1.92%;--awb-svg-margin-left-medium:1.92%;--awb-svg-margin-right-medium:1.92%;--awb-svg-margin-left-small:1.92%;--awb-svg-margin-right-small:1.92%;--awb-icon-color:#109ad7;--awb-icon-top:-38px;\"><div class=\"fusion-section-separator-svg\"><div class=\"section-separator-icon icon fa-chalkboard-teacher fas\" aria-hidden=\"true\"><\/div><div class=\"divider-candy-arrow top\" style=\"bottom:28px;border-bottom-color: var(--awb-color2);\"><\/div><div class=\"divider-candy top\" style=\"top:-48px;border-bottom:1px solid var(--awb-color3);border-left:1px solid var(--awb-color3);\"><\/div><\/div><div class=\"fusion-section-separator-spacer\"><div class=\"fusion-section-separator-spacer-height\"><\/div><\/div><\/div><div class=\"fusion-separator fusion-full-width-sep\" style=\"align-self: center;margin-left: auto;margin-right: auto;width:100%;\"><div class=\"fusion-separator-border sep-double\" style=\"--awb-height:20px;--awb-amount:20px;border-color:var(--awb-color3);border-top-width:1px;border-bottom-width:1px;\"><\/div><\/div><div class=\"fusion-text fusion-text-2\"><h2 style=\"text-align: center;\"><span style=\"color: #ffffff;\"><br \/>\nMonitores de talleres extra program\u00e1ticos 2024<\/span><\/h2>\n<\/div><\/div><\/div><\/div><\/div><div class=\"fusion-fullwidth fullwidth-box fusion-builder-row-4 fusion-flex-container has-pattern-background has-mask-background nonhundred-percent-fullwidth non-hundred-percent-height-scrolling\" style=\"--awb-border-radius-top-left:0px;--awb-border-radius-top-right:0px;--awb-border-radius-bottom-right:0px;--awb-border-radius-bottom-left:0px;--awb-flex-wrap:wrap;\" ><div class=\"fusion-builder-row fusion-row fusion-flex-align-items-flex-start fusion-flex-content-wrap\" style=\"max-width:1248px;margin-left: calc(-4% \/ 2 );margin-right: calc(-4% \/ 2 );\"><div class=\"fusion-layout-column fusion_builder_column fusion-builder-column-3 fusion_builder_column_1_1 1_1 fusion-flex-column\" style=\"--awb-bg-size:cover;--awb-width-large:100%;--awb-margin-top-large:0px;--awb-spacing-right-large:1.92%;--awb-margin-bottom-large:20px;--awb-spacing-left-large:1.92%;--awb-width-medium:100%;--awb-order-medium:0;--awb-spacing-right-medium:1.92%;--awb-spacing-left-medium:1.92%;--awb-width-small:100%;--awb-order-small:0;--awb-spacing-right-small:1.92%;--awb-spacing-left-small:1.92%;\"><div class=\"fusion-column-wrapper fusion-column-has-shadow fusion-flex-justify-content-flex-start fusion-content-layout-column\">\n<div class=\"table-1\">\n<table width=\"100%\">\n<thead>\n<tr>\n<th align=\"left\">NOMBRE MONITOR<\/th>\n<th align=\"left\">TALLER<\/th>\n<th align=\"left\">CORREO ELECTRONICO<\/th>\n<\/tr>\n<\/thead>\n<tbody>\n<tr>\n<td align=\"left\">Constanza Madrid<\/td>\n<td align=\"left\">Ballet Inicial<br \/>\nDanza y Expresi\u00f3n Teatral<\/td>\n<td align=\"left\">constanza.madrid@graciaypazeduca.cl<\/td>\n<\/tr>\n<tr>\n<td align=\"left\">Sebasti\u00e1n Arriagada<\/td>\n<td align=\"left\">Forjadores Ambientales<\/td>\n<td align=\"left\">sebastian.arriagada@graciaypazeduca.cl<\/td>\n<\/tr>\n<tr>\n<td align=\"left\">Ver\u00f3nica Nass<\/td>\n<td align=\"left\">Arte y Dibujo<\/td>\n<td align=\"left\">veronica.nass@graciaypazeduca.cl<\/td>\n<\/tr>\n<tr>\n<td align=\"left\">Francisco Ruminot<\/td>\n<td align=\"left\">F\u00fatbol y Ajedrez<\/td>\n<td align=\"left\">francisco.ruminot@graciaypazeduca.cl<\/td>\n<\/tr>\n<tr>\n<td align=\"left\">Cristian Rojas<\/td>\n<td align=\"left\">Polideportivo<\/td>\n<td align=\"left\">cristian.rojas@graciaypazeduca.cl<\/td>\n<\/tr>\n<tr>\n<td align=\"left\">Basti\u00e1n B\u00e1ez<\/td>\n<td align=\"left\">Coro y Guitarra<\/td>\n<td align=\"left\">bastian.baez@graciaypazeduca.cl<\/td>\n<\/tr>\n<\/tbody>\n<\/table>\n<\/div>\n<\/div><\/div><\/div><\/div><\/p>\n","protected":false},"excerpt":{"rendered":"","protected":false},"author":1,"featured_media":0,"parent":0,"menu_order":0,"comment_status":"closed","ping_status":"closed","template":"","meta":{"_monsterinsights_skip_tracking":false,"_monsterinsights_sitenote_active":false,"_monsterinsights_sitenote_note":"","_monsterinsights_sitenote_category":0,"footnotes":""},"class_list":["post-2523","page","type-page","status-publish","hentry"],"aioseo_notices":[],"_links":{"self":[{"href":"https:\/\/graciaypazeduca.cl\/colegiovaldivia\/index.php\/wp-json\/wp\/v2\/pages\/2523","targetHints":{"allow":["GET"]}}],"collection":[{"href":"https:\/\/graciaypazeduca.cl\/colegiovaldivia\/index.php\/wp-json\/wp\/v2\/pages"}],"about":[{"href":"https:\/\/graciaypazeduca.cl\/colegiovaldivia\/index.php\/wp-json\/wp\/v2\/types\/page"}],"author":[{"embeddable":true,"href":"https:\/\/graciaypazeduca.cl\/colegiovaldivia\/index.php\/wp-json\/wp\/v2\/users\/1"}],"replies":[{"embeddable":true,"href":"https:\/\/graciaypazeduca.cl\/colegiovaldivia\/index.php\/wp-json\/wp\/v2\/comments?post=2523"}],"version-history":[{"count":44,"href":"https:\/\/graciaypazeduca.cl\/colegiovaldivia\/index.php\/wp-json\/wp\/v2\/pages\/2523\/revisions"}],"predecessor-version":[{"id":2945,"href":"https:\/\/graciaypazeduca.cl\/colegiovaldivia\/index.php\/wp-json\/wp\/v2\/pages\/2523\/revisions\/2945"}],"wp:attachment":[{"href":"https:\/\/graciaypazeduca.cl\/colegiovaldivia\/index.php\/wp-json\/wp\/v2\/media?parent=2523"}],"curies":[{"name":"wp","href":"https:\/\/api.w.org\/{rel}","templated":true}]}}