{"id":2525,"date":"2024-08-20T15:56:37","date_gmt":"2024-08-20T15:56:37","guid":{"rendered":"https:\/\/graciaypazeduca.cl\/colegiovaldivia\/?page_id=2525"},"modified":"2024-11-05T19:25:45","modified_gmt":"2024-11-05T19:25:45","slug":"vision-y-mision","status":"publish","type":"page","link":"https:\/\/graciaypazeduca.cl\/colegiovaldivia\/index.php\/vision-y-mision\/","title":{"rendered":"Visi\u00f3n y Misi\u00f3n"},"content":{"rendered":"<div class=\"fusion-fullwidth fullwidth-box fusion-builder-row-1 fusion-flex-container has-pattern-background has-mask-background fusion-parallax-none nonhundred-percent-fullwidth non-hundred-percent-height-scrolling\" style=\"--awb-border-radius-top-left:0px;--awb-border-radius-top-right:0px;--awb-border-radius-bottom-right:0px;--awb-border-radius-bottom-left:0px;--awb-background-image:url(&quot;https:\/\/graciaypazeduca.cl\/colegiovaldivia\/wp-content\/uploads\/2024\/10\/istockphoto-1410615241-612x612-4.jpg&quot;);--awb-background-size:cover;--awb-flex-wrap:wrap;\" ><div class=\"fusion-builder-row fusion-row fusion-flex-align-items-flex-start fusion-flex-content-wrap\" style=\"max-width:1248px;margin-left: calc(-4% \/ 2 );margin-right: calc(-4% \/ 2 );\"><div class=\"fusion-layout-column fusion_builder_column fusion-builder-column-0 fusion_builder_column_1_1 1_1 fusion-flex-column\" style=\"--awb-bg-size:cover;--awb-width-large:100%;--awb-margin-top-large:0px;--awb-spacing-right-large:1.92%;--awb-margin-bottom-large:20px;--awb-spacing-left-large:1.92%;--awb-width-medium:100%;--awb-order-medium:0;--awb-spacing-right-medium:1.92%;--awb-spacing-left-medium:1.92%;--awb-width-small:100%;--awb-order-small:0;--awb-spacing-right-small:1.92%;--awb-spacing-left-small:1.92%;\"><div class=\"fusion-column-wrapper fusion-column-has-shadow fusion-flex-justify-content-flex-start fusion-content-layout-column\"><div class=\"fusion-text fusion-text-1\"><h3>Visi\u00f3n<\/h3>\n<p>El Colegio Particular Gracia y Paz busca convertirse en un referente de educaci\u00f3n<br \/>\nde calidad, val\u00f3rica e innovadora. Una instituci\u00f3n integral que bajo el crisol de los valores<br \/>\ncristianos fundamentales colabora en la formaci\u00f3n de ni\u00f1os y ni\u00f1as \u00edntegros, felices,<br \/>\ncreativos y plenos. L\u00edderes que influir\u00e1n positivamente en el presente de nuestra<br \/>\ncomunidad y futuro de nuestra comunidad y pa\u00eds. Personas que adem\u00e1s incorporen a sus<br \/>\nvidas h\u00e1bitos de vida saludable, de cuidado y respeto por el medio.<\/p>\n<h3>Misi\u00f3n<\/h3>\n<p>Nos identificamos como un establecimiento fuertemente ligado al conocimiento,<br \/>\ncuidado y conservaci\u00f3n del medio ambiente. Nos comprometemos a bendecir a la<br \/>\nsociedad, colaborando en la formaci\u00f3n de hombres y mujeres \u00edntegros, felices, creativos y<br \/>\nplenos, fortaleciendo una base val\u00f3rica, respetuosa y propositiva en relaci\u00f3n a la<br \/>\nconvivencia entre pares y estos con su medio ambiente.<\/p>\n<\/div><\/div><\/div><\/div><\/div>\n","protected":false},"excerpt":{"rendered":"","protected":false},"author":1,"featured_media":0,"parent":0,"menu_order":0,"comment_status":"closed","ping_status":"closed","template":"","meta":{"_monsterinsights_skip_tracking":false,"_monsterinsights_sitenote_active":false,"_monsterinsights_sitenote_note":"","_monsterinsights_sitenote_category":0,"footnotes":""},"class_list":["post-2525","page","type-page","status-publish","hentry"],"aioseo_notices":[],"_links":{"self":[{"href":"https:\/\/graciaypazeduca.cl\/colegiovaldivia\/index.php\/wp-json\/wp\/v2\/pages\/2525","targetHints":{"allow":["GET"]}}],"collection":[{"href":"https:\/\/graciaypazeduca.cl\/colegiovaldivia\/index.php\/wp-json\/wp\/v2\/pages"}],"about":[{"href":"https:\/\/graciaypazeduca.cl\/colegiovaldivia\/index.php\/wp-json\/wp\/v2\/types\/page"}],"author":[{"embeddable":true,"href":"https:\/\/graciaypazeduca.cl\/colegiovaldivia\/index.php\/wp-json\/wp\/v2\/users\/1"}],"replies":[{"embeddable":true,"href":"https:\/\/graciaypazeduca.cl\/colegiovaldivia\/index.php\/wp-json\/wp\/v2\/comments?post=2525"}],"version-history":[{"count":5,"href":"https:\/\/graciaypazeduca.cl\/colegiovaldivia\/index.php\/wp-json\/wp\/v2\/pages\/2525\/revisions"}],"predecessor-version":[{"id":2957,"href":"https:\/\/graciaypazeduca.cl\/colegiovaldivia\/index.php\/wp-json\/wp\/v2\/pages\/2525\/revisions\/2957"}],"wp:attachment":[{"href":"https:\/\/graciaypazeduca.cl\/colegiovaldivia\/index.php\/wp-json\/wp\/v2\/media?parent=2525"}],"curies":[{"name":"wp","href":"https:\/\/api.w.org\/{rel}","templated":true}]}}