{"id":2547,"date":"2024-08-20T16:08:30","date_gmt":"2024-08-20T16:08:30","guid":{"rendered":"https:\/\/graciaypazeduca.cl\/colegiovaldivia\/?page_id=2547"},"modified":"2024-11-05T20:01:04","modified_gmt":"2024-11-05T20:01:04","slug":"admision-2025","status":"publish","type":"page","link":"https:\/\/graciaypazeduca.cl\/colegiovaldivia\/index.php\/admision-2025\/","title":{"rendered":"Admisi\u00f3n 2025"},"content":{"rendered":"<div class=\"fusion-fullwidth fullwidth-box fusion-builder-row-1 fusion-flex-container has-pattern-background has-mask-background nonhundred-percent-fullwidth non-hundred-percent-height-scrolling\" style=\"--awb-border-radius-top-left:0px;--awb-border-radius-top-right:0px;--awb-border-radius-bottom-right:0px;--awb-border-radius-bottom-left:0px;--awb-flex-wrap:wrap;\" ><div class=\"fusion-builder-row fusion-row fusion-flex-align-items-flex-start fusion-flex-content-wrap\" style=\"max-width:1248px;margin-left: calc(-4% \/ 2 );margin-right: calc(-4% \/ 2 );\"><div class=\"fusion-layout-column fusion_builder_column fusion-builder-column-0 fusion_builder_column_1_1 1_1 fusion-flex-column\" style=\"--awb-bg-size:cover;--awb-width-large:100%;--awb-margin-top-large:0px;--awb-spacing-right-large:1.92%;--awb-margin-bottom-large:20px;--awb-spacing-left-large:1.92%;--awb-width-medium:100%;--awb-order-medium:0;--awb-spacing-right-medium:1.92%;--awb-spacing-left-medium:1.92%;--awb-width-small:100%;--awb-order-small:0;--awb-spacing-right-small:1.92%;--awb-spacing-left-small:1.92%;\"><div class=\"fusion-column-wrapper fusion-column-has-shadow fusion-flex-justify-content-flex-start fusion-content-layout-column\"><div class=\"fusion-text fusion-text-1\"><h3 style=\"text-align: center;\">FECHAS PROCESO DE ADMISION<\/h3>\n<h4 style=\"text-align: center;\">A\u00d1O ESCOLAR 2025<\/h4>\n<p style=\"text-align: center;\">Actualmente y bajo la ley 20.845, el proceso de admisi\u00f3n para los colegios<br \/>\nparticulares subvencionados del pa\u00eds se realiza bajo el sistema centralizado SAE (Sistema de Admisi\u00f3n Escolar) en el siguiente sitio web<br \/>\nhttps:\/\/www.sistemadeadmisionescolar.cl\/<\/p>\n<ul>\n<li>Desde el 2 al 30 de agosto: Periodo Principal de postulaci\u00f3n a trav\u00e9s de sistemadeadmisionescolar.cl<\/li>\n<li>Desde el 17 al 23 de octubre: publicaci\u00f3n de los resultados del Periodo Principal de postulaci\u00f3n a trav\u00e9s de www.sistemadeadmisionescolar.cl<\/li>\n<li>4 y 5 de noviembre: resultado listas de espera en www.sistemadeadmisionescolar.cl<\/li>\n<li>15 al 22 de noviembre: Periodo Complementario de postulaci\u00f3n a trav\u00e9s de www.sistemadeadmisionescolar.cl<\/li>\n<li>4 diciembre: publicaci\u00f3n de los resultados del Periodo Complementario de postulaci\u00f3n a trav\u00e9s de www.sistemadeadmisionescolar.cl<\/li>\n<li>Desde el 5 al 13 de diciembre: periodo de matr\u00edcula de alumnos con continuidad y alumnos nuevos asignados por Admisi\u00f3n Escolar 2025<\/li>\n<\/ul>\n<\/div><\/div><\/div><\/div><\/div>\n","protected":false},"excerpt":{"rendered":"","protected":false},"author":1,"featured_media":0,"parent":0,"menu_order":0,"comment_status":"closed","ping_status":"closed","template":"","meta":{"_monsterinsights_skip_tracking":false,"_monsterinsights_sitenote_active":false,"_monsterinsights_sitenote_note":"","_monsterinsights_sitenote_category":0,"footnotes":""},"class_list":["post-2547","page","type-page","status-publish","hentry"],"aioseo_notices":[],"_links":{"self":[{"href":"https:\/\/graciaypazeduca.cl\/colegiovaldivia\/index.php\/wp-json\/wp\/v2\/pages\/2547","targetHints":{"allow":["GET"]}}],"collection":[{"href":"https:\/\/graciaypazeduca.cl\/colegiovaldivia\/index.php\/wp-json\/wp\/v2\/pages"}],"about":[{"href":"https:\/\/graciaypazeduca.cl\/colegiovaldivia\/index.php\/wp-json\/wp\/v2\/types\/page"}],"author":[{"embeddable":true,"href":"https:\/\/graciaypazeduca.cl\/colegiovaldivia\/index.php\/wp-json\/wp\/v2\/users\/1"}],"replies":[{"embeddable":true,"href":"https:\/\/graciaypazeduca.cl\/colegiovaldivia\/index.php\/wp-json\/wp\/v2\/comments?post=2547"}],"version-history":[{"count":5,"href":"https:\/\/graciaypazeduca.cl\/colegiovaldivia\/index.php\/wp-json\/wp\/v2\/pages\/2547\/revisions"}],"predecessor-version":[{"id":2962,"href":"https:\/\/graciaypazeduca.cl\/colegiovaldivia\/index.php\/wp-json\/wp\/v2\/pages\/2547\/revisions\/2962"}],"wp:attachment":[{"href":"https:\/\/graciaypazeduca.cl\/colegiovaldivia\/index.php\/wp-json\/wp\/v2\/media?parent=2547"}],"curies":[{"name":"wp","href":"https:\/\/api.w.org\/{rel}","templated":true}]}}